{"id":2436,"date":"2020-03-08T07:55:10","date_gmt":"2020-03-08T07:55:10","guid":{"rendered":"https:\/\/management.uandb.hu\/general-management-csomag\/"},"modified":"2021-05-24T06:16:11","modified_gmt":"2021-05-24T06:16:11","slug":"general-management-csomag","status":"publish","type":"page","link":"https:\/\/management.uandb.hu\/en\/general-management-csomag\/","title":{"rendered":"GENERAL MANAGEMENT CSOMAG"},"content":{"rendered":"<div id='av_section_1'  class='avia-section main_color avia-section-default avia-no-border-styling avia-bg-style-scroll  avia-builder-el-0  avia-builder-el-no-sibling  started  av-minimum-height av-minimum-height-75  container_wrap fullsize' style=' '   data-av_minimum_height_pc='75'><div class='container' ><main  role=\"main\" itemprop=\"mainContentOfPage\"  class='template-page content  av-content-full alpha units'><div class='post-entry post-entry-type-page post-entry-2436'><div class='entry-content-wrapper clearfix'>\n<div class='flex_column_table av-equal-height-column-flextable -flextable' ><div class=\"flex_column av_one_half  flex_column_table_cell av-equal-height-column av-align-middle av-zero-column-padding first  avia-builder-el-1  el_before_av_one_half  avia-builder-el-first  title-sections invalid-custom-class-found \" style='border-radius:0px; '><p><div  style='padding-bottom:10px; ' class='av-special-heading av-special-heading-h1  blockquote modern-quote  avia-builder-el-2  el_before_av_textblock  avia-builder-el-first  '><div class ='av-subheading av-subheading_above  ' style='font-size:15px;'><p>Ingatlan felm\u00e9r\u00e9se<\/p>\n<\/div><h1 class='av-special-heading-tag '  itemprop=\"headline\"  >General Management csomag<\/h1><div class='special-heading-border'><div class='special-heading-inner-border' ><\/div><\/div><\/div><br \/>\n<section class=\"av_textblock_section \"  itemscope=\"itemscope\" itemtype=\"https:\/\/schema.org\/CreativeWork\" ><div class='avia_textblock  av_inherit_color '  style='font-size:18px; color:#868e96; '  itemprop=\"text\" ><p>Ker\u00fclj\u00f6n az \u00d6n lak\u00e1sa is egy elit kateg\u00f3ri\u00e1ba a kezd\u00e9st\u0151l. Mi nem \u00e1rulunk zs\u00e1kbamacsk\u00e1t. Amikor azt mondjuk, hogy lak\u00e1saink kiemelked\u0151 \u00e9rt\u00e9kel\u00e9ssel rendelkeznek minden kateg\u00f3ri\u00e1ban, azt bizony\u00edtani is tudjuk.<\/p>\n<p>Egy val\u00f3ban profi csapat gondoskodik a lak\u00e1s\u00e1r\u00f3l. N\u00e1lunk nem egy csapat z\u00f6ldf\u00fcl\u0171 fogja a lak\u00e1s\u00e1t kezelni. \u00dcgyvezet\u0151nk t\u00edz \u00e9ves tapasztalattal rendelkezik \u00e9s gyakran szerepel a sajt\u00f3ban szak\u00e9rt\u0151k\u00e9nt.<\/p>\n<\/div><\/section><br \/>\n<div  class='avia-button-wrap avia-button-left  avia-builder-el-4  el_after_av_textblock  avia-builder-el-last ' ><a href='https:\/\/management.uandb.hu\/ajanlatkeres\/'  class='avia-button   avia-icon_select-no avia-color-dark avia-size-small avia-position-left '   ><span class='avia_iconbox_title' >TOV\u00c1BB<\/span><\/a><\/div><\/p><\/div><div class='av-flex-placeholder'><\/div><div class=\"flex_column av_one_half  flex_column_table_cell av-equal-height-column av-align-middle av-zero-column-padding   avia-builder-el-5  el_after_av_one_half  avia-builder-el-last  \" style='border-radius:0px; '><div  class='avia-image-container  av-styling-    avia-builder-el-6  avia-builder-el-no-sibling  avia-align-center '  itemprop=\"image\" itemscope=\"itemscope\" itemtype=\"https:\/\/schema.org\/ImageObject\"  ><div class='avia-image-container-inner'><div class='avia-image-overlay-wrap'><img class='avia_image' src='https:\/\/management.uandb.hu\/wp-content\/uploads\/2020\/02\/vagjon-bele.jpg' alt='' title='vagjon bele' height=\"1285\" width=\"1920\"  itemprop=\"thumbnailUrl\"  \/><\/div><\/div><\/div><\/div><\/div><!--close column table wrapper. Autoclose: 1 -->\n","protected":false},"excerpt":{"rendered":"","protected":false},"author":1,"featured_media":0,"parent":0,"menu_order":0,"comment_status":"closed","ping_status":"closed","template":"","meta":{"footnotes":""},"class_list":["post-2436","page","type-page","status-publish","hentry"],"_links":{"self":[{"href":"https:\/\/management.uandb.hu\/en\/wp-json\/wp\/v2\/pages\/2436","targetHints":{"allow":["GET"]}}],"collection":[{"href":"https:\/\/management.uandb.hu\/en\/wp-json\/wp\/v2\/pages"}],"about":[{"href":"https:\/\/management.uandb.hu\/en\/wp-json\/wp\/v2\/types\/page"}],"author":[{"embeddable":true,"href":"https:\/\/management.uandb.hu\/en\/wp-json\/wp\/v2\/users\/1"}],"replies":[{"embeddable":true,"href":"https:\/\/management.uandb.hu\/en\/wp-json\/wp\/v2\/comments?post=2436"}],"version-history":[{"count":2,"href":"https:\/\/management.uandb.hu\/en\/wp-json\/wp\/v2\/pages\/2436\/revisions"}],"predecessor-version":[{"id":2439,"href":"https:\/\/management.uandb.hu\/en\/wp-json\/wp\/v2\/pages\/2436\/revisions\/2439"}],"wp:attachment":[{"href":"https:\/\/management.uandb.hu\/en\/wp-json\/wp\/v2\/media?parent=2436"}],"curies":[{"name":"wp","href":"https:\/\/api.w.org\/{rel}","templated":true}]}}